{"id":12920,"date":"2018-02-16T17:34:32","date_gmt":"2018-02-16T16:34:32","guid":{"rendered":"https:\/\/www.serhs.com\/politica-de-cookies\/"},"modified":"2024-01-12T16:44:28","modified_gmt":"2024-01-12T15:44:28","slug":"politica-de-cookies-serhs","status":"publish","type":"page","link":"https:\/\/serhs.com\/es\/politica-de-cookies-serhs\/","title":{"rendered":"Pol\u00edtica de Cookies"},"content":{"rendered":"<div class=\"fusion-fullwidth fullwidth-box fusion-builder-row-1 nonhundred-percent-fullwidth non-hundred-percent-height-scrolling\" style=\"--awb-border-radius-top-left:0px;--awb-border-radius-top-right:0px;--awb-border-radius-bottom-right:0px;--awb-border-radius-bottom-left:0px;--awb-flex-wrap:wrap;\" ><div class=\"fusion-builder-row fusion-row\"><div class=\"fusion-layout-column fusion_builder_column fusion-builder-column-0 fusion_builder_column_1_1 1_1 fusion-one-full fusion-column-first fusion-column-last fusion-no-small-visibility\" style=\"--awb-bg-size:cover;\"><div class=\"fusion-column-wrapper fusion-flex-column-wrapper-legacy\"><div class=\"fusion-sep-clear\"><\/div><div class=\"fusion-separator fusion-full-width-sep\" style=\"margin-left: auto;margin-right: auto;margin-bottom:20PX;width:100%;\"><div class=\"fusion-separator-border sep-shadow\" style=\"--awb-height:20px;--awb-amount:20px;background:radial-gradient(ellipse at 50% -50% , #e0dede 0px, rgba(255, 255, 255, 0) 80%) repeat scroll 0 0 rgba(0, 0, 0, 0);background:-webkit-radial-gradient(ellipse at 50% -50% , #e0dede 0px, rgba(255, 255, 255, 0) 80%) repeat scroll 0 0 rgba(0, 0, 0, 0);background:-moz-radial-gradient(ellipse at 50% -50% , #e0dede 0px, rgba(255, 255, 255, 0) 80%) repeat scroll 0 0 rgba(0, 0, 0, 0);background:-o-radial-gradient(ellipse at 50% -50% , #e0dede 0px, rgba(255, 255, 255, 0) 80%) repeat scroll 0 0 rgba(0, 0, 0, 0);\"><\/div><\/div><div class=\"fusion-sep-clear\"><\/div><div class=\"fusion-title title fusion-title-1 fusion-sep-none fusion-title-center fusion-title-text fusion-title-size-one\" style=\"--awb-margin-top-small:0px;--awb-margin-right-small:0px;--awb-margin-bottom-small:20px;--awb-margin-left-small:0px;\"><h1 class=\"fusion-title-heading title-heading-center fusion-responsive-typography-calculated\" style=\"margin:0;--fontSize:30;line-height:1.4;\"><h1 style=\"font-weight: bold; color: #4d4949; font-size: 49px; padding-bottom: 20px;\">POL\u00cdTICA DE COOKIES<\/h1>\n<h3 style=\"font-weight: bold; color: #cecece; font-size: 20px;\"><img decoding=\"async\" class=\"alignnone size-full wp-image-257\" src=\"\/wp-content\/uploads\/2018\/02\/Serhs_punts.png\" alt=\"\" width=\"54\" height=\"11\" \/><\/h3><\/h1><\/div><div class=\"fusion-clearfix\"><\/div><\/div><\/div><div class=\"fusion-layout-column fusion_builder_column fusion-builder-column-1 fusion_builder_column_1_1 1_1 fusion-one-full fusion-column-first fusion-column-last\" style=\"--awb-bg-size:cover;\"><div class=\"fusion-column-wrapper fusion-flex-column-wrapper-legacy\"><div class=\"fusion-text fusion-text-1\"><div class=\"justificar\">\n<p>El sitio web de <strong>SERHS<\/strong> comunica a los usuarios, a trav\u00e9s de este aviso, que puede utilizar cookies cuando el usuario navega por las las diferentes pantallas y p\u00e1ginas del sitio. Durante el uso de nuestro sitio web usted acepta y autoriza expresamente el uso de cookies, de acuerdo con nuestra pol\u00edtica de privacidad.<\/p>\n<p><strong>\u00bfQu\u00e9 son las cookies?<\/strong><br \/>\nUna cookie es un archivo de texto muy peque\u00f1o que un servidor web puede guardar en el disco duro de un equipo para almacenar alg\u00fan tipo de informaci\u00f3n sobre el usuario. La cookie identifica el equipo de forma \u00fanica, y s\u00f3lo puede ser le\u00edda por el sitio web que lo envi\u00f3 al equipo.<\/p>\n<p>Una cookie no es un archivo ejecutable ni un programa y por tanto no puede propagar o contener un virus u otro software malicioso, ni puede tener una longitud superior a 4.000 caracteres.<\/p>\n<p><strong>\u00bfPara qu\u00e9 sirven las cookies?<\/strong><br \/>\nLa utilizaci\u00f3n de las cookies tiene como finalidad exclusiva recordar las preferencias del usuario (idioma, pa\u00eds, inicio de sesi\u00f3n, caracter\u00edsticas de su navegador, informaci\u00f3n de uso de nuestra web, etc.) Recordando sus preferencias no tendremos que , por ejemplo, preguntarle por su pa\u00eds cada vez que visite nuestra web. Sabremos las caracter\u00edsticas del ordenador que est\u00e1 utilizando y as\u00ed podremos ofrecerle una mejor experiencia de navegaci\u00f3n. Las cookies pueden ayudar en nuestro sitio web a distinguir el navegador del usuario como visitante anterior y as\u00ed guardar y recordar las preferencias que puedan haberse establecido mientras el usuario estaba navegando por el sitio, personalizar las p\u00e1ginas de inicio, identificar qu\u00e9 sectores de un sitio han sido visitados o mantener un registro de selecciones en un \u00abcarro de compra\u00bb.<\/p>\n<p>El sitio web de <strong>SERHS<\/strong> puede utilizar las cookies con el objeto de reconocer a los usuarios que se hayan registrado y poder ofrecerles un mejor servicio y m\u00e1s personalizado. Asimismo pueden ser utilizadas para obtener informaci\u00f3n sobre la fecha y hora de la \u00faltima visita del usuario, medir algunos par\u00e1metros de tr\u00e1fico dentro del propio sitio y estimar el n\u00famero de visitas realizadas, de manera que <strong>SERHS<\/strong> pueda enfocar y ajustar los servicios y promociones de forma m\u00e1s efectiva.<\/p>\n<p>Normalmente los sitios web utilizan las cookies para obtener informaci\u00f3n estad\u00edstica sobre sus p\u00e1ginas web. Recuerde que recogemos datos sobre sus movimientos y uso de nuestra web como datos estad\u00edsticos, no personales.<\/p>\n<p><strong><b>Tipos de cookies:<\/b><\/strong><\/p>\n<ul style=\"list-style-type: disc !important;\">\n<li><strong>Cookies anal\u00edticas:<\/strong> Recogen informaci\u00f3n del uso que se realiza del sitio web.<\/li>\n<li><strong>Cookies sociales:<\/strong> Son necesarias para las redes sociales externas (Facebook, Twitter Linkedin).<\/li>\n<li><strong>Cookies t\u00e9cnicas:<\/strong> Son las estrictamente necesarias para el uso del sitio web y para la prestaci\u00f3n del servicio contratado.<\/li>\n<\/ul>\n<p><strong>Estas son las cookies que recogemos en nuestra web:<\/strong>\n<\/div>\n<div class=\"cky-audit-table-element\"><\/div>\n<\/div><div class=\"fusion-text fusion-text-2\"><div class=\"justificar\">\n<strong><b>Salvaguardas de protecci\u00f3n:<\/b><\/strong><br \/>\nEl usuario puede configurar su navegador para aceptar, o no, las cookies que recibe o para que el navegador le avise cuando un servidor quiera guardar una cookie o borrarlas de su ordenador. Puede encontrar las instrucciones en la configuraci\u00f3n de seguridad en su navegador web.<b>Ejemplos:<\/b><\/p>\n<ul style=\"list-style-type: disc !important;\">\n<li style=\"font-weight: 400;\">Si utiliza Microsoft Internet Explorer, en la opci\u00f3n de men\u00fa Herramientas&gt; Opciones de Internet&gt; Privacidad&gt; Configuraci\u00f3n.<\/li>\n<li style=\"font-weight: 400;\">Si utiliza Firefox, en la opci\u00f3n de men\u00fa Herramientas&gt; Opciones&gt; Privacidad&gt; Cookies.<\/li>\n<li style=\"font-weight: 400;\">Si utiliza Google Chrome, en la opci\u00f3n de men\u00fa Configuraci\u00f3n&gt; Privacidad.<\/li>\n<li style=\"font-weight: 400;\">Si utiliza Safari, en la opci\u00f3n de men\u00fa Preferencias&gt; Seguridad.<\/li>\n<\/ul>\n<p>Puede hacer uso de la secci\u00f3n \u00abAyuda\u00bb que encontrar\u00e1 en la barra de herramientas de la mayor\u00eda de navegadores para cambiar la configuraci\u00f3n de su ordenador, sin embargo, algunas de las caracter\u00edsticas de nuestros servicios online pueden no funcionar o pueden resultar m\u00e1s complicadas de acceder si rechaza todas las cookies.<\/p>\n<p>Muchos navegadores permiten activar un modo privado mediante el cual las cookies se borran siempre despu\u00e9s de su visita. Dependiendo de cada navegador, este modo privado puede tener diferentes nombres, abajo puede encontrar una lista de los navegadores m\u00e1s comunes y los diferentes nombres de este \u00abmodo privado\u00bb:<\/p>\n<ul style=\"list-style-type: disc !important;\">\n<li style=\"font-weight: 400;\"><span style=\"font-weight: 400;\">Internet Explorer 8 y superior: InPrivate<\/span><\/li>\n<li style=\"font-weight: 400;\"><span style=\"font-weight: 400;\">FireFox 3.5 y superior: Navegaci\u00f3n Privada<\/span><\/li>\n<li style=\"font-weight: 400;\"><span style=\"font-weight: 400;\">Google Chrome 10 y superior: Inc\u00f3gnito<\/span><\/li>\n<li style=\"font-weight: 400;\"><span style=\"font-weight: 400;\">Safari 2 y superior: Navegaci\u00f3n Privada<\/span><\/li>\n<li style=\"font-weight: 400;\"><span style=\"font-weight: 400;\">Opera 10.5 y superior: Navegaci\u00f3n Privada<\/span><\/li>\n<\/ul>\n<p>Por favor, lea atentamente la secci\u00f3n de ayuda de su navegador para conocer m\u00e1s sobre c\u00f3mo activar el \u00abmodo privado\u00bb. Podr\u00e1 seguir visitando nuestra web aunque su navegador est\u00e9 en \u00abmodo privado\u00bb, sin embargo, la experiencia de usuario puede no ser \u00f3ptima y algunas utilidades pueden no funcionar.<\/p>\n<p><strong>Cambios en la Pol\u00edtica de Cookies<\/strong><br \/>\nEs posible que actualizamos la Pol\u00edtica de Cookies de nuestro sitio web, por ello le recomendamos revisar esta pol\u00edtica cada vez que acceda a nuestro Sitio Web con el objetivo de estar adecuadamente informado sobre c\u00f3mo y para qu\u00e9 utilizamos las cookies.<\/p>\n<\/div>\n<\/div><div class=\"fusion-clearfix\"><\/div><\/div><\/div><\/div><\/div>\n","protected":false},"excerpt":{"rendered":"","protected":false},"author":19,"featured_media":0,"parent":0,"menu_order":22,"comment_status":"closed","ping_status":"closed","template":"","meta":{"footnotes":""},"class_list":["post-12920","page","type-page","status-publish","hentry"],"yoast_head":"<!-- This site is optimized with the Yoast SEO plugin v27.3 - https:\/\/yoast.com\/product\/yoast-seo-wordpress\/ -->\n<title>Pol\u00edtica de Cookies<\/title>\n<meta name=\"robots\" content=\"index, follow, max-snippet:-1, max-image-preview:large, max-video-preview:-1\" \/>\n<link rel=\"canonical\" href=\"https:\/\/serhs.com\/es\/politica-de-cookies-serhs\/\" \/>\n<meta property=\"og:locale\" content=\"es_ES\" \/>\n<meta property=\"og:type\" content=\"article\" \/>\n<meta property=\"og:title\" content=\"Pol\u00edtica de Cookies\" \/>\n<meta property=\"og:url\" content=\"https:\/\/serhs.com\/es\/politica-de-cookies-serhs\/\" \/>\n<meta property=\"og:site_name\" content=\"SERHS\" \/>\n<meta property=\"article:publisher\" content=\"https:\/\/www.facebook.com\/grupserhs\" \/>\n<meta property=\"article:modified_time\" content=\"2024-01-12T15:44:28+00:00\" \/>\n<meta name=\"twitter:card\" content=\"summary_large_image\" \/>\n<meta name=\"twitter:label1\" content=\"Tiempo de lectura\" \/>\n\t<meta name=\"twitter:data1\" content=\"6 minutos\" \/>\n<script type=\"application\/ld+json\" class=\"yoast-schema-graph\">{\"@context\":\"https:\\\/\\\/schema.org\",\"@graph\":[{\"@type\":\"WebPage\",\"@id\":\"https:\\\/\\\/serhs.com\\\/es\\\/politica-de-cookies-serhs\\\/\",\"url\":\"https:\\\/\\\/serhs.com\\\/es\\\/politica-de-cookies-serhs\\\/\",\"name\":\"Pol\u00edtica de Cookies\",\"isPartOf\":{\"@id\":\"https:\\\/\\\/serhs.com\\\/es\\\/#website\"},\"datePublished\":\"2018-02-16T16:34:32+00:00\",\"dateModified\":\"2024-01-12T15:44:28+00:00\",\"breadcrumb\":{\"@id\":\"https:\\\/\\\/serhs.com\\\/es\\\/politica-de-cookies-serhs\\\/#breadcrumb\"},\"inLanguage\":\"es\",\"potentialAction\":[{\"@type\":\"ReadAction\",\"target\":[\"https:\\\/\\\/serhs.com\\\/es\\\/politica-de-cookies-serhs\\\/\"]}]},{\"@type\":\"BreadcrumbList\",\"@id\":\"https:\\\/\\\/serhs.com\\\/es\\\/politica-de-cookies-serhs\\\/#breadcrumb\",\"itemListElement\":[{\"@type\":\"ListItem\",\"position\":1,\"name\":\"Inici\",\"item\":\"https:\\\/\\\/serhs.com\\\/es\\\/\"},{\"@type\":\"ListItem\",\"position\":2,\"name\":\"Pol\u00edtica de Cookies\"}]},{\"@type\":\"WebSite\",\"@id\":\"https:\\\/\\\/serhs.com\\\/es\\\/#website\",\"url\":\"https:\\\/\\\/serhs.com\\\/es\\\/\",\"name\":\"SERHS\",\"description\":\"El primer grup Tur\u00edstic de Catalunya\",\"publisher\":{\"@id\":\"https:\\\/\\\/serhs.com\\\/es\\\/#organization\"},\"potentialAction\":[{\"@type\":\"SearchAction\",\"target\":{\"@type\":\"EntryPoint\",\"urlTemplate\":\"https:\\\/\\\/serhs.com\\\/es\\\/?s={search_term_string}\"},\"query-input\":{\"@type\":\"PropertyValueSpecification\",\"valueRequired\":true,\"valueName\":\"search_term_string\"}}],\"inLanguage\":\"es\"},{\"@type\":\"Organization\",\"@id\":\"https:\\\/\\\/serhs.com\\\/es\\\/#organization\",\"name\":\"SERHS\",\"url\":\"https:\\\/\\\/serhs.com\\\/es\\\/\",\"logo\":{\"@type\":\"ImageObject\",\"inLanguage\":\"es\",\"@id\":\"https:\\\/\\\/serhs.com\\\/es\\\/#\\\/schema\\\/logo\\\/image\\\/\",\"url\":\"https:\\\/\\\/serhs.com\\\/wp-content\\\/uploads\\\/2018\\\/05\\\/logoSERHS200.png\",\"contentUrl\":\"https:\\\/\\\/serhs.com\\\/wp-content\\\/uploads\\\/2018\\\/05\\\/logoSERHS200.png\",\"width\":200,\"height\":67,\"caption\":\"SERHS\"},\"image\":{\"@id\":\"https:\\\/\\\/serhs.com\\\/es\\\/#\\\/schema\\\/logo\\\/image\\\/\"},\"sameAs\":[\"https:\\\/\\\/www.facebook.com\\\/grupserhs\",\"https:\\\/\\\/www.linkedin.com\\\/company\\\/grup-serhs\",\"https:\\\/\\\/www.instagram.com\\\/serhsoficial\\\/\"]}]}<\/script>\n<!-- \/ Yoast SEO plugin. -->","yoast_head_json":{"title":"Pol\u00edtica de Cookies","robots":{"index":"index","follow":"follow","max-snippet":"max-snippet:-1","max-image-preview":"max-image-preview:large","max-video-preview":"max-video-preview:-1"},"canonical":"https:\/\/serhs.com\/es\/politica-de-cookies-serhs\/","og_locale":"es_ES","og_type":"article","og_title":"Pol\u00edtica de Cookies","og_url":"https:\/\/serhs.com\/es\/politica-de-cookies-serhs\/","og_site_name":"SERHS","article_publisher":"https:\/\/www.facebook.com\/grupserhs","article_modified_time":"2024-01-12T15:44:28+00:00","twitter_card":"summary_large_image","twitter_misc":{"Tiempo de lectura":"6 minutos"},"schema":{"@context":"https:\/\/schema.org","@graph":[{"@type":"WebPage","@id":"https:\/\/serhs.com\/es\/politica-de-cookies-serhs\/","url":"https:\/\/serhs.com\/es\/politica-de-cookies-serhs\/","name":"Pol\u00edtica de Cookies","isPartOf":{"@id":"https:\/\/serhs.com\/es\/#website"},"datePublished":"2018-02-16T16:34:32+00:00","dateModified":"2024-01-12T15:44:28+00:00","breadcrumb":{"@id":"https:\/\/serhs.com\/es\/politica-de-cookies-serhs\/#breadcrumb"},"inLanguage":"es","potentialAction":[{"@type":"ReadAction","target":["https:\/\/serhs.com\/es\/politica-de-cookies-serhs\/"]}]},{"@type":"BreadcrumbList","@id":"https:\/\/serhs.com\/es\/politica-de-cookies-serhs\/#breadcrumb","itemListElement":[{"@type":"ListItem","position":1,"name":"Inici","item":"https:\/\/serhs.com\/es\/"},{"@type":"ListItem","position":2,"name":"Pol\u00edtica de Cookies"}]},{"@type":"WebSite","@id":"https:\/\/serhs.com\/es\/#website","url":"https:\/\/serhs.com\/es\/","name":"SERHS","description":"El primer grup Tur\u00edstic de Catalunya","publisher":{"@id":"https:\/\/serhs.com\/es\/#organization"},"potentialAction":[{"@type":"SearchAction","target":{"@type":"EntryPoint","urlTemplate":"https:\/\/serhs.com\/es\/?s={search_term_string}"},"query-input":{"@type":"PropertyValueSpecification","valueRequired":true,"valueName":"search_term_string"}}],"inLanguage":"es"},{"@type":"Organization","@id":"https:\/\/serhs.com\/es\/#organization","name":"SERHS","url":"https:\/\/serhs.com\/es\/","logo":{"@type":"ImageObject","inLanguage":"es","@id":"https:\/\/serhs.com\/es\/#\/schema\/logo\/image\/","url":"https:\/\/serhs.com\/wp-content\/uploads\/2018\/05\/logoSERHS200.png","contentUrl":"https:\/\/serhs.com\/wp-content\/uploads\/2018\/05\/logoSERHS200.png","width":200,"height":67,"caption":"SERHS"},"image":{"@id":"https:\/\/serhs.com\/es\/#\/schema\/logo\/image\/"},"sameAs":["https:\/\/www.facebook.com\/grupserhs","https:\/\/www.linkedin.com\/company\/grup-serhs","https:\/\/www.instagram.com\/serhsoficial\/"]}]}},"_links":{"self":[{"href":"https:\/\/serhs.com\/es\/wp-json\/wp\/v2\/pages\/12920","targetHints":{"allow":["GET"]}}],"collection":[{"href":"https:\/\/serhs.com\/es\/wp-json\/wp\/v2\/pages"}],"about":[{"href":"https:\/\/serhs.com\/es\/wp-json\/wp\/v2\/types\/page"}],"author":[{"embeddable":true,"href":"https:\/\/serhs.com\/es\/wp-json\/wp\/v2\/users\/19"}],"replies":[{"embeddable":true,"href":"https:\/\/serhs.com\/es\/wp-json\/wp\/v2\/comments?post=12920"}],"version-history":[{"count":0,"href":"https:\/\/serhs.com\/es\/wp-json\/wp\/v2\/pages\/12920\/revisions"}],"wp:attachment":[{"href":"https:\/\/serhs.com\/es\/wp-json\/wp\/v2\/media?parent=12920"}],"curies":[{"name":"wp","href":"https:\/\/api.w.org\/{rel}","templated":true}]}}